{"id":566,"date":"2021-11-10T08:42:58","date_gmt":"2021-11-10T16:42:58","guid":{"rendered":"https:\/\/slhs.sdsu.edu\/bdc\/?page_id=566"},"modified":"2021-11-10T08:42:58","modified_gmt":"2021-11-10T16:42:58","slug":"participate","status":"publish","type":"page","link":"https:\/\/fn.sdsu.edu\/index.php\/participate\/","title":{"rendered":"Participate"},"content":{"rendered":"\n<h2 class=\"wp-block-heading\">Assessment Tools for Vietnamese<a href=\"https:\/\/bdc.sdsu.edu\/wp-content\/gallery\/2023-recruit-flier\/Recruitment-flier-English-for-US.jpg\"><\/a><\/h2>\n\n\n\n<figure class=\"wp-block-image size-full\"><img loading=\"lazy\" decoding=\"async\" width=\"1700\" height=\"2200\" src=\"https:\/\/fn.sdsu.edu\/wp-content\/uploads\/2024\/08\/DLD_CanvaFlyer_Aug2024-bdc-2.jpg\" alt=\"Join Our Research Study\" class=\"wp-image-1571\" srcset=\"https:\/\/fn.sdsu.edu\/wp-content\/uploads\/2024\/08\/DLD_CanvaFlyer_Aug2024-bdc-2.jpg 1700w, https:\/\/fn.sdsu.edu\/wp-content\/uploads\/2024\/08\/DLD_CanvaFlyer_Aug2024-bdc-2-232x300.jpg 232w, https:\/\/fn.sdsu.edu\/wp-content\/uploads\/2024\/08\/DLD_CanvaFlyer_Aug2024-bdc-2-791x1024.jpg 791w, https:\/\/fn.sdsu.edu\/wp-content\/uploads\/2024\/08\/DLD_CanvaFlyer_Aug2024-bdc-2-768x994.jpg 768w, https:\/\/fn.sdsu.edu\/wp-content\/uploads\/2024\/08\/DLD_CanvaFlyer_Aug2024-bdc-2-1187x1536.jpg 1187w, https:\/\/fn.sdsu.edu\/wp-content\/uploads\/2024\/08\/DLD_CanvaFlyer_Aug2024-bdc-2-1583x2048.jpg 1583w\" sizes=\"auto, (max-width: 1700px) 100vw, 1700px\" \/><\/figure>\n\n\n\n<div class=\"wp-block-columns is-layout-flex wp-container-core-columns-is-layout-9d6595d7 wp-block-columns-is-layout-flex\">\n<div class=\"wp-block-column is-layout-flow wp-block-column-is-layout-flow\">\n<p class=\"has-text-align-center\"><a href=\"https:\/\/redcapstsi.scripps.edu\/redcap\/surveys\/?s=ANPY978TLA4YNJ44\">Form to Participate<\/a><\/p>\n<\/div>\n\n\n\n<div class=\"wp-block-column is-layout-flow wp-block-column-is-layout-flow\">\n<p class=\"has-text-align-center\"><a href=\"https:\/\/redcapstsi.scripps.edu\/redcap\/surveys\/?s=ANPY978TLA4YNJ44\">\u0110\u01a1n \u0111\u0103ng k\u00fd tham gia<\/a><\/p>\n<\/div>\n<\/div>\n\n\n\n<h2 class=\"wp-block-heading\">Information Processing<\/h2>\n\n\n\n<p><em>In collaboration with Dr. Kerry Ebert at the University of Minnesota&nbsp;<\/em><\/p>\n\n\n\n<figure class=\"wp-block-image size-full is-resized\"><img loading=\"lazy\" decoding=\"async\" width=\"1545\" height=\"2000\" src=\"https:\/\/fn.sdsu.edu\/wp-content\/uploads\/2024\/11\/ProcessingSpanEngFlyer.jpg\" alt=\"\" class=\"wp-image-1924\" style=\"width:840px;height:auto\" srcset=\"https:\/\/fn.sdsu.edu\/wp-content\/uploads\/2024\/11\/ProcessingSpanEngFlyer.jpg 1545w, https:\/\/fn.sdsu.edu\/wp-content\/uploads\/2024\/11\/ProcessingSpanEngFlyer-232x300.jpg 232w, https:\/\/fn.sdsu.edu\/wp-content\/uploads\/2024\/11\/ProcessingSpanEngFlyer-791x1024.jpg 791w, https:\/\/fn.sdsu.edu\/wp-content\/uploads\/2024\/11\/ProcessingSpanEngFlyer-768x994.jpg 768w, https:\/\/fn.sdsu.edu\/wp-content\/uploads\/2024\/11\/ProcessingSpanEngFlyer-1187x1536.jpg 1187w\" sizes=\"auto, (max-width: 1545px) 100vw, 1545px\" \/><\/figure>\n\n\n\n<div class=\"wp-block-columns is-layout-flex wp-container-core-columns-is-layout-9d6595d7 wp-block-columns-is-layout-flex\">\n<div class=\"wp-block-column is-layout-flow wp-block-column-is-layout-flow\">\n<p><em>Spanish &amp; English Version&nbsp;<\/em><\/p>\n<\/div>\n\n\n\n<div class=\"wp-block-column is-layout-flow wp-block-column-is-layout-flow\">\n<p><em>Versi\u00f3n de Espanol y Ingles<\/em><\/p>\n<\/div>\n<\/div>\n\n\n\n<h2 class=\"wp-block-heading\"><\/h2>\n\n\n\n<figure class=\"wp-block-image size-full\"><img loading=\"lazy\" decoding=\"async\" width=\"1545\" height=\"2000\" src=\"https:\/\/fn.sdsu.edu\/wp-content\/uploads\/2024\/11\/ProcessingFlyerVietEng.jpg\" alt=\"\" class=\"wp-image-1922\" srcset=\"https:\/\/fn.sdsu.edu\/wp-content\/uploads\/2024\/11\/ProcessingFlyerVietEng.jpg 1545w, https:\/\/fn.sdsu.edu\/wp-content\/uploads\/2024\/11\/ProcessingFlyerVietEng-232x300.jpg 232w, https:\/\/fn.sdsu.edu\/wp-content\/uploads\/2024\/11\/ProcessingFlyerVietEng-791x1024.jpg 791w, https:\/\/fn.sdsu.edu\/wp-content\/uploads\/2024\/11\/ProcessingFlyerVietEng-768x994.jpg 768w, https:\/\/fn.sdsu.edu\/wp-content\/uploads\/2024\/11\/ProcessingFlyerVietEng-1187x1536.jpg 1187w\" sizes=\"auto, (max-width: 1545px) 100vw, 1545px\" \/><\/figure>\n\n\n\n<div class=\"wp-block-columns is-layout-flex wp-container-core-columns-is-layout-9d6595d7 wp-block-columns-is-layout-flex\">\n<div class=\"wp-block-column is-layout-flow wp-block-column-is-layout-flow\">\n<p><em>Vietnamese &amp; English Version&nbsp;<\/em><br><\/p>\n<\/div>\n\n\n\n<div class=\"wp-block-column is-layout-flow wp-block-column-is-layout-flow\">\n<p><em>Phi\u00ean b\u1ea3n ti\u1ebfng Vi\u1ec7t v\u00e0 ti\u1ebfng Anh<\/em><br><\/p>\n<\/div>\n<\/div>\n\n\n\n<h2 class=\"wp-block-heading\">Project TELL<\/h2>\n\n\nngg_shortcode_0_placeholder\n\n\n\n<p><\/p>\n\n\n\n<p><\/p>\n","protected":false},"excerpt":{"rendered":"<p>Assessment Tools for Vietnamese Form to Participate \u0110\u01a1n \u0111\u0103ng k\u00fd tham gia Information Processing In collaboration with Dr. Kerry Ebert at the University of Minnesota&nbsp; Spanish &amp; English Version&nbsp; Versi\u00f3n de Espanol y Ingles Vietnamese &amp; English Version&nbsp; Phi\u00ean b\u1ea3n ti\u1ebfng Vi\u1ec7t v\u00e0 ti\u1ebfng Anh Project TELL<\/p>\n","protected":false},"author":1,"featured_media":0,"parent":0,"menu_order":0,"comment_status":"closed","ping_status":"closed","template":"","meta":{"ngg_post_thumbnail":0,"_lightning_design_setting":[],"footnotes":""},"class_list":["post-566","page","type-page","status-publish","hentry"],"_links":{"self":[{"href":"https:\/\/fn.sdsu.edu\/index.php\/wp-json\/wp\/v2\/pages\/566","targetHints":{"allow":["GET"]}}],"collection":[{"href":"https:\/\/fn.sdsu.edu\/index.php\/wp-json\/wp\/v2\/pages"}],"about":[{"href":"https:\/\/fn.sdsu.edu\/index.php\/wp-json\/wp\/v2\/types\/page"}],"author":[{"embeddable":true,"href":"https:\/\/fn.sdsu.edu\/index.php\/wp-json\/wp\/v2\/users\/1"}],"replies":[{"embeddable":true,"href":"https:\/\/fn.sdsu.edu\/index.php\/wp-json\/wp\/v2\/comments?post=566"}],"version-history":[{"count":0,"href":"https:\/\/fn.sdsu.edu\/index.php\/wp-json\/wp\/v2\/pages\/566\/revisions"}],"wp:attachment":[{"href":"https:\/\/fn.sdsu.edu\/index.php\/wp-json\/wp\/v2\/media?parent=566"}],"curies":[{"name":"wp","href":"https:\/\/api.w.org\/{rel}","templated":true}]}}